{"id":162,"date":"2024-01-13T20:24:17","date_gmt":"2024-01-13T19:24:17","guid":{"rendered":"https:\/\/julieogblazej.dk\/bryllup\/?page_id=162"},"modified":"2024-02-23T18:31:27","modified_gmt":"2024-02-23T18:31:27","slug":"gaeste-fotos-zdjecia-od-gosci-162","status":"publish","type":"page","link":"https:\/\/julieogblazej.dk\/bryllup\/gaeste-fotos-zdjecia-od-gosci-162\/","title":{"rendered":"G\u00e6ste fotos | Zdj\u0119cia od go\u015bci"},"content":{"rendered":"<p>&nbsp;<\/p>\n<p>&nbsp;<\/p>\n","protected":false},"excerpt":{"rendered":"<p>&nbsp; &nbsp;<\/p>\n","protected":false},"author":1,"featured_media":0,"parent":0,"menu_order":0,"comment_status":"open","ping_status":"closed","template":"","meta":{"footnotes":""},"class_list":["post-162","page","type-page","status-publish","hentry"],"_links":{"self":[{"href":"https:\/\/julieogblazej.dk\/bryllup\/wp-json\/wp\/v2\/pages\/162","targetHints":{"allow":["GET"]}}],"collection":[{"href":"https:\/\/julieogblazej.dk\/bryllup\/wp-json\/wp\/v2\/pages"}],"about":[{"href":"https:\/\/julieogblazej.dk\/bryllup\/wp-json\/wp\/v2\/types\/page"}],"author":[{"embeddable":true,"href":"https:\/\/julieogblazej.dk\/bryllup\/wp-json\/wp\/v2\/users\/1"}],"replies":[{"embeddable":true,"href":"https:\/\/julieogblazej.dk\/bryllup\/wp-json\/wp\/v2\/comments?post=162"}],"version-history":[{"count":2,"href":"https:\/\/julieogblazej.dk\/bryllup\/wp-json\/wp\/v2\/pages\/162\/revisions"}],"predecessor-version":[{"id":164,"href":"https:\/\/julieogblazej.dk\/bryllup\/wp-json\/wp\/v2\/pages\/162\/revisions\/164"}],"wp:attachment":[{"href":"https:\/\/julieogblazej.dk\/bryllup\/wp-json\/wp\/v2\/media?parent=162"}],"curies":[{"name":"wp","href":"https:\/\/api.w.org\/{rel}","templated":true}]}}